{"id":2,"date":"2013-11-06T11:55:36","date_gmt":"2013-11-06T11:55:36","guid":{"rendered":"https:\/\/lapompeya.com\/web\/?page_id=2"},"modified":"2017-04-17T01:55:40","modified_gmt":"2017-04-17T01:55:40","slug":"historia","status":"publish","type":"page","link":"https:\/\/lapompeya.com\/web\/historia\/","title":{"rendered":"Historia"},"content":{"rendered":"<div class=\"my-slider\">\n<ul>\n<li>\n<img loading=\"lazy\" decoding=\"async\" src=\"https:\/\/lapompeya.com\/web\/wp-content\/uploads\/2013\/11\/historia1.jpg\" width=\"1066\" height=\"532\" alt=\"\" \/>\n<\/li>\n<li>\n<img loading=\"lazy\" decoding=\"async\" src=\"https:\/\/lapompeya.com\/web\/wp-content\/uploads\/2013\/11\/historia2.jpg\" width=\"1066\" height=\"532\" alt=\"\" \/>\n<\/li>\n<li>\n<img loading=\"lazy\" decoding=\"async\" src=\"https:\/\/lapompeya.com\/web\/wp-content\/uploads\/2013\/11\/historia3.jpg\" width=\"1066\" height=\"532\" alt=\"\" \/>\n<\/li>\n<\/ul>\n<\/div>\n\n<p><strong>Nuestro m\u00e1s antiguo antecedente data de 1899, fecha de creaci\u00f3n de la marca FOX. Una trayectoria ininterrumpida de m\u00e1s de 100 a\u00f1os en el mercado.<\/strong><\/p>\n<p>Creada por <strong>Cayetano Graziosi<\/strong>, r\u00e1pidamente fue reconocida por su nivel de calidad.<br \/>\nObtuvo premios internacionales: por ejemplo, la <em>Medalla de Oro al Jam\u00f3n Crudo<\/em> recibido en la<strong> Exposici\u00f3n Internacional de la Industria de la Alimentaci\u00f3n<\/strong> en 1914, en G\u00e9nova, Italia.<\/p>\n<p>Fox, tambi\u00e9n se convirti\u00f3 en historieta, en los a\u00f1os 30, se publica en el diario <strong>LA NACION<\/strong>, una tira c\u00f3mica de un simp\u00e1tico chanchito <strong>FOX<\/strong>, de gran alcance popular.<\/p>\n<p>Posteriormente, y luego de algunos cambios institucionales, en el a\u00f1o 1958 se funda <strong>FRIGOR\u00cdFICO LA POMPEYA SA.<\/strong> La planta industrial se ubica en <em>Mataderos<\/em>, ciudad de Buenos Aires. Luego de varios a\u00f1os de m\u00faltiples actividades y desarrollos empresarios, en el a\u00f1o 1988 la actual Direcci\u00f3n se hizo cargo de la empresa.<\/p>\n<p>Su principal logro es haber multiplicado por 24 su producci\u00f3n en los primeros 14 a\u00f1os, creciendo notablemente a escala nacional e internacional, diversificando la estructura de su negocio y posicion\u00e1ndola en el m\u00e1s alto nivel de calidad como empresa Argentina.<\/p>\n<p>Nuestra planta productora, elabora cada uno de nuestros productos, bajo estrictas normas de calidad\u00a0 con est\u00e1ndares internacionales.<\/p>\n<p>Con una cartera de m\u00e1s de 3000 clientes en nuestro pa\u00eds y en el exterior, con presencia de marca y de servicios en los principales mercados, La Pompeya es una de las empresas l\u00edderes del sector en su conjunto.<\/p>\n","protected":false},"excerpt":{"rendered":"<p>Nuestro m\u00e1s antiguo antecedente data de 1899, fecha de creaci\u00f3n de la marca FOX. Una trayectoria ininterrumpida de m\u00e1s de 100 a\u00f1os en el mercado. Creada por Cayetano Graziosi, r\u00e1pidamente fue reconocida por su nivel de calidad. Obtuvo premios internacionales: por ejemplo, la Medalla de Oro al Jam\u00f3n Crudo recibido en la Exposici\u00f3n Internacional de [&hellip;]<\/p>\n","protected":false},"author":2,"featured_media":0,"parent":0,"menu_order":1,"comment_status":"open","ping_status":"open","template":"page-historia.php","meta":{"footnotes":""},"class_list":["post-2","page","type-page","status-publish","hentry"],"yoast_head":"<!-- This site is optimized with the Yoast SEO plugin v27.3 - https:\/\/yoast.com\/product\/yoast-seo-wordpress\/ -->\n<title>Historia - Fox<\/title>\n<meta name=\"robots\" content=\"index, follow, max-snippet:-1, max-image-preview:large, max-video-preview:-1\" \/>\n<link rel=\"canonical\" href=\"https:\/\/lapompeya.com\/web\/historia\/\" \/>\n<meta property=\"og:locale\" content=\"es_ES\" \/>\n<meta property=\"og:type\" content=\"article\" \/>\n<meta property=\"og:title\" content=\"Historia - Fox\" \/>\n<meta property=\"og:description\" content=\"Nuestro m\u00e1s antiguo antecedente data de 1899, fecha de creaci\u00f3n de la marca FOX. Una trayectoria ininterrumpida de m\u00e1s de 100 a\u00f1os en el mercado. Creada por Cayetano Graziosi, r\u00e1pidamente fue reconocida por su nivel de calidad. Obtuvo premios internacionales: por ejemplo, la Medalla de Oro al Jam\u00f3n Crudo recibido en la Exposici\u00f3n Internacional de [&hellip;]\" \/>\n<meta property=\"og:url\" content=\"https:\/\/lapompeya.com\/web\/historia\/\" \/>\n<meta property=\"og:site_name\" content=\"Fox\" \/>\n<meta property=\"article:modified_time\" content=\"2017-04-17T01:55:40+00:00\" \/>\n<meta property=\"og:image\" content=\"https:\/\/lapompeya.com\/web\/wp-content\/uploads\/2013\/11\/historia1.jpg\" \/>\n<meta name=\"twitter:card\" content=\"summary_large_image\" \/>\n<meta name=\"twitter:label1\" content=\"Tiempo de lectura\" \/>\n\t<meta name=\"twitter:data1\" content=\"1 minuto\" \/>\n<script type=\"application\/ld+json\" class=\"yoast-schema-graph\">{\"@context\":\"https:\\\/\\\/schema.org\",\"@graph\":[{\"@type\":\"WebPage\",\"@id\":\"https:\\\/\\\/lapompeya.com\\\/web\\\/historia\\\/\",\"url\":\"https:\\\/\\\/lapompeya.com\\\/web\\\/historia\\\/\",\"name\":\"Historia - Fox\",\"isPartOf\":{\"@id\":\"https:\\\/\\\/lapompeya.com\\\/web\\\/#website\"},\"datePublished\":\"2013-11-06T11:55:36+00:00\",\"dateModified\":\"2017-04-17T01:55:40+00:00\",\"breadcrumb\":{\"@id\":\"https:\\\/\\\/lapompeya.com\\\/web\\\/historia\\\/#breadcrumb\"},\"inLanguage\":\"es\",\"potentialAction\":[{\"@type\":\"ReadAction\",\"target\":[\"https:\\\/\\\/lapompeya.com\\\/web\\\/historia\\\/\"]}]},{\"@type\":\"BreadcrumbList\",\"@id\":\"https:\\\/\\\/lapompeya.com\\\/web\\\/historia\\\/#breadcrumb\",\"itemListElement\":[{\"@type\":\"ListItem\",\"position\":1,\"name\":\"Portada\",\"item\":\"https:\\\/\\\/lapompeya.com\\\/web\\\/\"},{\"@type\":\"ListItem\",\"position\":2,\"name\":\"Historia\"}]},{\"@type\":\"WebSite\",\"@id\":\"https:\\\/\\\/lapompeya.com\\\/web\\\/#website\",\"url\":\"https:\\\/\\\/lapompeya.com\\\/web\\\/\",\"name\":\"Fox\",\"description\":\"desde 1899 algo que nos une\",\"potentialAction\":[{\"@type\":\"SearchAction\",\"target\":{\"@type\":\"EntryPoint\",\"urlTemplate\":\"https:\\\/\\\/lapompeya.com\\\/web\\\/?s={search_term_string}\"},\"query-input\":{\"@type\":\"PropertyValueSpecification\",\"valueRequired\":true,\"valueName\":\"search_term_string\"}}],\"inLanguage\":\"es\"}]}<\/script>\n<!-- \/ Yoast SEO plugin. -->","yoast_head_json":{"title":"Historia - Fox","robots":{"index":"index","follow":"follow","max-snippet":"max-snippet:-1","max-image-preview":"max-image-preview:large","max-video-preview":"max-video-preview:-1"},"canonical":"https:\/\/lapompeya.com\/web\/historia\/","og_locale":"es_ES","og_type":"article","og_title":"Historia - Fox","og_description":"Nuestro m\u00e1s antiguo antecedente data de 1899, fecha de creaci\u00f3n de la marca FOX. Una trayectoria ininterrumpida de m\u00e1s de 100 a\u00f1os en el mercado. Creada por Cayetano Graziosi, r\u00e1pidamente fue reconocida por su nivel de calidad. Obtuvo premios internacionales: por ejemplo, la Medalla de Oro al Jam\u00f3n Crudo recibido en la Exposici\u00f3n Internacional de [&hellip;]","og_url":"https:\/\/lapompeya.com\/web\/historia\/","og_site_name":"Fox","article_modified_time":"2017-04-17T01:55:40+00:00","og_image":[{"url":"https:\/\/lapompeya.com\/web\/wp-content\/uploads\/2013\/11\/historia1.jpg","type":"","width":"","height":""}],"twitter_card":"summary_large_image","twitter_misc":{"Tiempo de lectura":"1 minuto"},"schema":{"@context":"https:\/\/schema.org","@graph":[{"@type":"WebPage","@id":"https:\/\/lapompeya.com\/web\/historia\/","url":"https:\/\/lapompeya.com\/web\/historia\/","name":"Historia - Fox","isPartOf":{"@id":"https:\/\/lapompeya.com\/web\/#website"},"datePublished":"2013-11-06T11:55:36+00:00","dateModified":"2017-04-17T01:55:40+00:00","breadcrumb":{"@id":"https:\/\/lapompeya.com\/web\/historia\/#breadcrumb"},"inLanguage":"es","potentialAction":[{"@type":"ReadAction","target":["https:\/\/lapompeya.com\/web\/historia\/"]}]},{"@type":"BreadcrumbList","@id":"https:\/\/lapompeya.com\/web\/historia\/#breadcrumb","itemListElement":[{"@type":"ListItem","position":1,"name":"Portada","item":"https:\/\/lapompeya.com\/web\/"},{"@type":"ListItem","position":2,"name":"Historia"}]},{"@type":"WebSite","@id":"https:\/\/lapompeya.com\/web\/#website","url":"https:\/\/lapompeya.com\/web\/","name":"Fox","description":"desde 1899 algo que nos une","potentialAction":[{"@type":"SearchAction","target":{"@type":"EntryPoint","urlTemplate":"https:\/\/lapompeya.com\/web\/?s={search_term_string}"},"query-input":{"@type":"PropertyValueSpecification","valueRequired":true,"valueName":"search_term_string"}}],"inLanguage":"es"}]}},"_links":{"self":[{"href":"https:\/\/lapompeya.com\/web\/wp-json\/wp\/v2\/pages\/2","targetHints":{"allow":["GET"]}}],"collection":[{"href":"https:\/\/lapompeya.com\/web\/wp-json\/wp\/v2\/pages"}],"about":[{"href":"https:\/\/lapompeya.com\/web\/wp-json\/wp\/v2\/types\/page"}],"author":[{"embeddable":true,"href":"https:\/\/lapompeya.com\/web\/wp-json\/wp\/v2\/users\/2"}],"replies":[{"embeddable":true,"href":"https:\/\/lapompeya.com\/web\/wp-json\/wp\/v2\/comments?post=2"}],"version-history":[{"count":21,"href":"https:\/\/lapompeya.com\/web\/wp-json\/wp\/v2\/pages\/2\/revisions"}],"predecessor-version":[{"id":221,"href":"https:\/\/lapompeya.com\/web\/wp-json\/wp\/v2\/pages\/2\/revisions\/221"}],"wp:attachment":[{"href":"https:\/\/lapompeya.com\/web\/wp-json\/wp\/v2\/media?parent=2"}],"curies":[{"name":"wp","href":"https:\/\/api.w.org\/{rel}","templated":true}]}}